{"id":3482,"date":"2024-05-20T12:48:57","date_gmt":"2024-05-20T12:48:57","guid":{"rendered":"https:\/\/ppt3.preciouspresenttruth.org\/?page_id=3482"},"modified":"2024-05-20T13:08:00","modified_gmt":"2024-05-20T13:08:00","slug":"pasteur-gregoire-mbaya","status":"publish","type":"page","link":"https:\/\/ppt3.preciouspresenttruth.org\/fr\/pasteur-gregoire-mbaya\/","title":{"rendered":"pasteur Gr\u00e9goire Mbaya"},"content":{"rendered":"\t\t<div data-elementor-type=\"wp-page\" data-elementor-id=\"3482\" class=\"elementor elementor-3482\">\n\t\t\t\t\t\t<section class=\"elementor-section elementor-top-section elementor-element elementor-element-76fb48b7 elementor-section-height-min-height elementor-section-boxed elementor-section-height-default elementor-section-items-middle wpr-particle-no wpr-jarallax-no wpr-parallax-no wpr-sticky-section-no\" data-id=\"76fb48b7\" data-element_type=\"section\" data-settings=\"{&quot;background_background&quot;:&quot;classic&quot;}\">\n\t\t\t\t\t\t\t<div class=\"elementor-background-overlay\"><\/div>\n\t\t\t\t\t\t\t<div class=\"elementor-container elementor-column-gap-default\">\n\t\t\t\t\t<div class=\"elementor-column elementor-col-100 elementor-top-column elementor-element elementor-element-ca301cd\" data-id=\"ca301cd\" data-element_type=\"column\">\n\t\t\t<div class=\"elementor-widget-wrap\">\n\t\t\t\t\t\t\t<\/div>\n\t\t<\/div>\n\t\t\t\t\t<\/div>\n\t\t<\/section>\n\t\t<div class=\"elementor-element elementor-element-7eac511 e-flex e-con-boxed wpr-particle-no wpr-jarallax-no wpr-parallax-no wpr-sticky-section-no e-con e-parent\" data-id=\"7eac511\" data-element_type=\"container\">\n\t\t\t\t\t<div class=\"e-con-inner\">\n\t\t\t\t<div class=\"elementor-element elementor-element-98a043e elementor-widget elementor-widget-heading\" data-id=\"98a043e\" data-element_type=\"widget\" data-widget_type=\"heading.default\">\n\t\t\t\t<div class=\"elementor-widget-container\">\n\t\t\t<style>\/*! elementor - v3.21.0 - 26-05-2024 *\/\n.elementor-heading-title{padding:0;margin:0;line-height:1}.elementor-widget-heading .elementor-heading-title[class*=elementor-size-]>a{color:inherit;font-size:inherit;line-height:inherit}.elementor-widget-heading .elementor-heading-title.elementor-size-small{font-size:15px}.elementor-widget-heading .elementor-heading-title.elementor-size-medium{font-size:19px}.elementor-widget-heading .elementor-heading-title.elementor-size-large{font-size:29px}.elementor-widget-heading .elementor-heading-title.elementor-size-xl{font-size:39px}.elementor-widget-heading .elementor-heading-title.elementor-size-xxl{font-size:59px}<\/style><h2 class=\"elementor-heading-title elementor-size-default\">S\u00e9rie<\/h2>\t\t<\/div>\n\t\t\t\t<\/div>\n\t\t\t\t\t<\/div>\n\t\t\t\t<\/div>\n\t\t<div class=\"elementor-element elementor-element-65d8c882 e-flex e-con-boxed wpr-particle-no wpr-jarallax-no wpr-parallax-no wpr-sticky-section-no e-con e-parent\" data-id=\"65d8c882\" data-element_type=\"container\">\n\t\t\t\t\t<div class=\"e-con-inner\">\n\t\t<div class=\"elementor-element elementor-element-2be2d11e e-flex e-con-boxed wpr-particle-no wpr-jarallax-no wpr-parallax-no wpr-sticky-section-no e-con e-child\" data-id=\"2be2d11e\" data-element_type=\"container\">\n\t\t\t\t\t<div class=\"e-con-inner\">\n\t\t\t\t<div class=\"elementor-element elementor-element-6faa6518 elementor-position-left elementor-vertical-align-middle elementor-invisible elementor-widget elementor-widget-image-box\" data-id=\"6faa6518\" data-element_type=\"widget\" data-settings=\"{&quot;_animation&quot;:&quot;zoomIn&quot;}\" data-widget_type=\"image-box.default\">\n\t\t\t\t<div class=\"elementor-widget-container\">\n\t\t\t<style>.elementor-widget-image-box .elementor-image-box-content{width:100%}@media (min-width:768px){.elementor-widget-image-box.elementor-position-left .elementor-image-box-wrapper,.elementor-widget-image-box.elementor-position-right .elementor-image-box-wrapper{display:flex}.elementor-widget-image-box.elementor-position-right .elementor-image-box-wrapper{text-align:end;flex-direction:row-reverse}.elementor-widget-image-box.elementor-position-left .elementor-image-box-wrapper{text-align:start;flex-direction:row}.elementor-widget-image-box.elementor-position-top .elementor-image-box-img{margin:auto}.elementor-widget-image-box.elementor-vertical-align-top .elementor-image-box-wrapper{align-items:flex-start}.elementor-widget-image-box.elementor-vertical-align-middle .elementor-image-box-wrapper{align-items:center}.elementor-widget-image-box.elementor-vertical-align-bottom .elementor-image-box-wrapper{align-items:flex-end}}@media (max-width:767px){.elementor-widget-image-box .elementor-image-box-img{margin-left:auto!important;margin-right:auto!important;margin-bottom:15px}}.elementor-widget-image-box .elementor-image-box-img{display:inline-block}.elementor-widget-image-box .elementor-image-box-title a{color:inherit}.elementor-widget-image-box .elementor-image-box-wrapper{text-align:center}.elementor-widget-image-box .elementor-image-box-description{margin:0}<\/style><div class=\"elementor-image-box-wrapper\"><figure class=\"elementor-image-box-img\"><a href=\"https:\/\/ppt3.preciouspresenttruth.org\/pasteur-gregoire-mbaya-faire-face-aux-forces\/\" tabindex=\"-1\"><img fetchpriority=\"high\" decoding=\"async\" width=\"555\" height=\"412\" src=\"https:\/\/ppt3.preciouspresenttruth.org\/wp-content\/uploads\/2024\/05\/Pastor-Gregoire-MBAYA-555x412-2.jpg\" class=\"attachment-full size-full wp-image-3485\" alt=\"\" srcset=\"https:\/\/ppt3.preciouspresenttruth.org\/wp-content\/uploads\/2024\/05\/Pastor-Gregoire-MBAYA-555x412-2.jpg 555w, https:\/\/ppt3.preciouspresenttruth.org\/wp-content\/uploads\/2024\/05\/Pastor-Gregoire-MBAYA-555x412-2-300x223.jpg 300w\" sizes=\"(max-width: 555px) 100vw, 555px\" \/><\/a><\/figure><div class=\"elementor-image-box-content\"><h3 class=\"elementor-image-box-title\"><a href=\"https:\/\/ppt3.preciouspresenttruth.org\/pasteur-gregoire-mbaya-faire-face-aux-forces\/\">Faire Face aux Forces D\u00e9moniaque<\/a><\/h3><\/div><\/div>\t\t<\/div>\n\t\t\t\t<\/div>\n\t\t\t\t\t<\/div>\n\t\t\t\t<\/div>\n\t\t<div class=\"elementor-element elementor-element-4b6f6b46 e-flex e-con-boxed wpr-particle-no wpr-jarallax-no wpr-parallax-no wpr-sticky-section-no e-con e-child\" data-id=\"4b6f6b46\" data-element_type=\"container\">\n\t\t\t\t\t<div class=\"e-con-inner\">\n\t\t\t\t<div class=\"elementor-element elementor-element-7ac11085 elementor-position-left elementor-vertical-align-middle elementor-invisible elementor-widget elementor-widget-image-box\" data-id=\"7ac11085\" data-element_type=\"widget\" data-settings=\"{&quot;_animation&quot;:&quot;zoomIn&quot;}\" data-widget_type=\"image-box.default\">\n\t\t\t\t<div class=\"elementor-widget-container\">\n\t\t\t<div class=\"elementor-image-box-wrapper\"><figure class=\"elementor-image-box-img\"><a href=\"https:\/\/ppt3.preciouspresenttruth.org\/pasteur-gregoire-mbaya-foyer-chretien\/\" tabindex=\"-1\"><img fetchpriority=\"high\" decoding=\"async\" width=\"555\" height=\"412\" src=\"https:\/\/ppt3.preciouspresenttruth.org\/wp-content\/uploads\/2024\/05\/Pastor-Gregoire-MBAYA-555x412-2.jpg\" class=\"attachment-full size-full wp-image-3485\" alt=\"\" srcset=\"https:\/\/ppt3.preciouspresenttruth.org\/wp-content\/uploads\/2024\/05\/Pastor-Gregoire-MBAYA-555x412-2.jpg 555w, https:\/\/ppt3.preciouspresenttruth.org\/wp-content\/uploads\/2024\/05\/Pastor-Gregoire-MBAYA-555x412-2-300x223.jpg 300w\" sizes=\"(max-width: 555px) 100vw, 555px\" \/><\/a><\/figure><div class=\"elementor-image-box-content\"><h3 class=\"elementor-image-box-title\"><a href=\"https:\/\/ppt3.preciouspresenttruth.org\/pasteur-gregoire-mbaya-foyer-chretien\/\">Foyer Chr\u00e9tien<\/a><\/h3><\/div><\/div>\t\t<\/div>\n\t\t\t\t<\/div>\n\t\t\t\t\t<\/div>\n\t\t\t\t<\/div>\n\t\t<div class=\"elementor-element elementor-element-56aed4f0 e-flex e-con-boxed wpr-particle-no wpr-jarallax-no wpr-parallax-no wpr-sticky-section-no e-con e-child\" data-id=\"56aed4f0\" data-element_type=\"container\">\n\t\t\t\t\t<div class=\"e-con-inner\">\n\t\t\t\t<div class=\"elementor-element elementor-element-57599aaf elementor-position-left elementor-vertical-align-middle elementor-invisible elementor-widget elementor-widget-image-box\" data-id=\"57599aaf\" data-element_type=\"widget\" data-settings=\"{&quot;_animation&quot;:&quot;zoomIn&quot;}\" data-widget_type=\"image-box.default\">\n\t\t\t\t<div class=\"elementor-widget-container\">\n\t\t\t<div class=\"elementor-image-box-wrapper\"><figure class=\"elementor-image-box-img\"><a href=\"https:\/\/ppt3.preciouspresenttruth.org\/pasteur-gregoire-mbaya-le-saint-esprit-et-le-peche-impardonable\/\" tabindex=\"-1\"><img fetchpriority=\"high\" decoding=\"async\" width=\"555\" height=\"412\" src=\"https:\/\/ppt3.preciouspresenttruth.org\/wp-content\/uploads\/2024\/05\/Pastor-Gregoire-MBAYA-555x412-2.jpg\" class=\"attachment-full size-full wp-image-3485\" alt=\"\" srcset=\"https:\/\/ppt3.preciouspresenttruth.org\/wp-content\/uploads\/2024\/05\/Pastor-Gregoire-MBAYA-555x412-2.jpg 555w, https:\/\/ppt3.preciouspresenttruth.org\/wp-content\/uploads\/2024\/05\/Pastor-Gregoire-MBAYA-555x412-2-300x223.jpg 300w\" sizes=\"(max-width: 555px) 100vw, 555px\" \/><\/a><\/figure><div class=\"elementor-image-box-content\"><h3 class=\"elementor-image-box-title\"><a href=\"https:\/\/ppt3.preciouspresenttruth.org\/pasteur-gregoire-mbaya-le-saint-esprit-et-le-peche-impardonable\/\">Le Saint esprit et le peche impardonable<\/a><\/h3><\/div><\/div>\t\t<\/div>\n\t\t\t\t<\/div>\n\t\t\t\t\t<\/div>\n\t\t\t\t<\/div>\n\t\t\t\t\t<\/div>\n\t\t\t\t<\/div>\n\t\t\t\t<\/div>\n\t\t","protected":false},"excerpt":{"rendered":"<p>S\u00e9rie Faire Face aux Forces D\u00e9moniaque Foyer Chr\u00e9tien Le Saint esprit et le peche impardonable<\/p>\n","protected":false},"author":1,"featured_media":0,"parent":0,"menu_order":0,"comment_status":"closed","ping_status":"closed","template":"","meta":{"footnotes":""},"class_list":["post-3482","page","type-page","status-publish","hentry"],"_links":{"self":[{"href":"https:\/\/ppt3.preciouspresenttruth.org\/fr\/wp-json\/wp\/v2\/pages\/3482","targetHints":{"allow":["GET"]}}],"collection":[{"href":"https:\/\/ppt3.preciouspresenttruth.org\/fr\/wp-json\/wp\/v2\/pages"}],"about":[{"href":"https:\/\/ppt3.preciouspresenttruth.org\/fr\/wp-json\/wp\/v2\/types\/page"}],"author":[{"embeddable":true,"href":"https:\/\/ppt3.preciouspresenttruth.org\/fr\/wp-json\/wp\/v2\/users\/1"}],"replies":[{"embeddable":true,"href":"https:\/\/ppt3.preciouspresenttruth.org\/fr\/wp-json\/wp\/v2\/comments?post=3482"}],"version-history":[{"count":10,"href":"https:\/\/ppt3.preciouspresenttruth.org\/fr\/wp-json\/wp\/v2\/pages\/3482\/revisions"}],"predecessor-version":[{"id":3514,"href":"https:\/\/ppt3.preciouspresenttruth.org\/fr\/wp-json\/wp\/v2\/pages\/3482\/revisions\/3514"}],"wp:attachment":[{"href":"https:\/\/ppt3.preciouspresenttruth.org\/fr\/wp-json\/wp\/v2\/media?parent=3482"}],"curies":[{"name":"wp","href":"https:\/\/api.w.org\/{rel}","templated":true}]}}